{"id":3335,"date":"2020-06-18T14:16:50","date_gmt":"2020-06-18T11:16:50","guid":{"rendered":"https:\/\/etfl.ee\/etfl\/etfli-ajalugu\/"},"modified":"2024-11-11T18:45:09","modified_gmt":"2024-11-11T16:45:09","slug":"history","status":"publish","type":"page","link":"https:\/\/etfl.ee\/en\/etfl\/history\/","title":{"rendered":"History"},"content":{"rendered":"\n<h2 class=\"wp-block-heading\">Founding members<\/h2>\n\n\n<div  class=\"grids-section grids-is-advanced\" style=\"--_gs-gap-desktop:0px 0px;--_gs-m-desktop:0 0 0 0;--_gs-p-desktop:0 0 0 0;--_gs-bg-desktop:transparent none;--_gs-bg-xp-desktop:0px;--_gs-zi-desktop:auto;--_gs-d-desktop:block;--_gs-mw-desktop:calc(100% - 0 - 0);--_gs-gap-tablet:0px 0px;--_gs-m-tablet:0 0 0 0;--_gs-p-tablet:0 0 0 0;--_gs-bg-tablet:transparent none;--_gs-bg-xp-tablet:0px;--_gs-zi-tablet:auto;--_gs-d-tablet:block;--_gs-mw-tablet:calc(100% - 0 - 0);--_gs-gap-mobile:0px 0px;--_gs-m-mobile:0 0 0 0;--_gs-p-mobile:0 0 0 0;--_gs-bg-mobile:transparent none;--_gs-bg-xp-mobile:0px;--_gs-zi-mobile:auto;--_gs-d-mobile:block;--_gs-mw-mobile:calc(100% - 0 - 0);--_gs-columns:12;--_gs-rows:6\"><div class=\"grids-s-w_i\">\n<div class=\"grids-area\" style=\"--_ga-column:1\/5;--_ga-row:1\/7;--_ga-m-desktop:0 15px 0 0;--_ga-p-desktop:0 0 0 0;--_ga-bg-desktop:transparent none;--_ga-zi-desktop:auto;--_ga-d-desktop:flex;--_ga-mw-desktop:calc(100% - 0 - 15px);--_ga-m-tablet:0 15px 0 0;--_ga-p-tablet:0 0 0 0;--_ga-bg-tablet:transparent none;--_ga-zi-tablet:auto;--_ga-d-tablet:flex;--_ga-mw-tablet:calc(100% - 0 - 15px);--_ga-m-mobile:0 0px 0 0;--_ga-p-mobile:0 0 0 0;--_ga-bg-mobile:transparent none;--_ga-zi-mobile:auto;--_ga-d-mobile:flex;--_ga-mw-mobile:calc(100% - 0 - 0px)\">\n\n<ul class=\"wp-block-list\">\n<li>Dag\u00f6<\/li>\n\n\n\n<li>Eesti Turist Vabariiklik Koondis<\/li>\n\n\n\n<li>Eesti V\u00e4listurismi Vabariiklik Koondis \/ Eesti V\u00e4listurism<\/li>\n\n\n\n<li>Estonian Travel<\/li>\n\n\n\n<li>Estravel<\/li>\n\n\n\n<li>Jalomatkad<\/li>\n<\/ul>\n\n<\/div>\n\n<div class=\"grids-area\" style=\"--_ga-column:5\/9;--_ga-row:1\/7;--_ga-m-desktop:0 7.5px 0 7.5px;--_ga-p-desktop:0 0 0 0;--_ga-bg-desktop:transparent none;--_ga-zi-desktop:auto;--_ga-d-desktop:flex;--_ga-mw-desktop:calc(100% - 7.5px - 7.5px);--_ga-m-tablet:0 7.5px 0 7.5px;--_ga-p-tablet:0 0 0 0;--_ga-bg-tablet:transparent none;--_ga-zi-tablet:auto;--_ga-d-tablet:flex;--_ga-mw-tablet:calc(100% - 7.5px - 7.5px);--_ga-m-mobile:0 0px 0 0px;--_ga-p-mobile:0 0 0 0;--_ga-bg-mobile:transparent none;--_ga-zi-mobile:auto;--_ga-d-mobile:flex;--_ga-mw-mobile:calc(100% - 0px - 0px)\">\n\n<ul class=\"wp-block-list\">\n<li>Mainor Meelis<\/li>\n\n\n\n<li>P\u00e4rnu Reisi- ja Ekskursioonib\u00fcroo<\/li>\n\n\n\n<li>Raeturist<\/li>\n\n\n\n<li>Saaremaa Reisi- ja Ekskursioonib\u00fcroo<\/li>\n\n\n\n<li>Sputnik<\/li>\n\n\n\n<li>Tallinna Inturb\u00fcroo \/ Tallinntuur<\/li>\n<\/ul>\n\n<\/div>\n\n<div class=\"grids-area\" style=\"--_ga-column:9\/13;--_ga-row:1\/7;--_ga-m-desktop:0 0 0 15px;--_ga-p-desktop:0 0 0 0;--_ga-bg-desktop:transparent none;--_ga-zi-desktop:auto;--_ga-d-desktop:flex;--_ga-mw-desktop:calc(100% - 15px - 0);--_ga-m-tablet:0 0 0 15px;--_ga-p-tablet:0 0 0 0;--_ga-bg-tablet:transparent none;--_ga-zi-tablet:auto;--_ga-d-tablet:flex;--_ga-mw-tablet:calc(100% - 15px - 0);--_ga-m-mobile:0 0 0 0px;--_ga-p-mobile:0 0 0 0;--_ga-bg-mobile:transparent none;--_ga-zi-mobile:auto;--_ga-d-mobile:flex;--_ga-mw-mobile:calc(100% - 0px - 0)\">\n\n<ul class=\"wp-block-list\">\n<li>Tallinna Inturist \/ Eesti Puhkereisid \/ Estonian Holidays<\/li>\n\n\n\n<li>Tallinna Reisi- ja Ekskursioonib\u00fcroo<\/li>\n\n\n\n<li>Tartu Reisi- ja Ekskursioonib\u00fcroo<\/li>\n\n\n\n<li>Turismifirma Narva<\/li>\n\n\n\n<li>Turismifirma V\u00f5su<\/li>\n\n\n\n<li>V\u00f5ru Turismikeskus<\/li>\n<\/ul>\n\n<\/div>\n<\/div><\/div>\n\n\n<div style=\"height:50px\" aria-hidden=\"true\" class=\"wp-block-spacer\"><\/div>\n\n\n\n<figure class=\"wp-block-image size-full\"><img loading=\"lazy\" decoding=\"async\" width=\"600\" height=\"297\" src=\"https:\/\/etfl.ee\/wp-content\/uploads\/2020\/06\/ETFLi-ajalugu.png\" alt=\"ETFL'i ajalugu\" class=\"wp-image-898\" srcset=\"https:\/\/etfl.ee\/wp-content\/uploads\/2020\/06\/ETFLi-ajalugu.png 600w, https:\/\/etfl.ee\/wp-content\/uploads\/2020\/06\/ETFLi-ajalugu-300x149.png 300w\" sizes=\"auto, (max-width: 600px) 100vw, 600px\" \/><\/figure>\n\n\n\n<h2 class=\"wp-block-heading\"><strong>Boards of Directors over the years<\/strong><\/h2>\n\n\n\n<h4 class=\"wp-block-heading\">1990-1991<\/h4>\n\n\n\n<p><strong>President<\/strong>: Daisy J\u00e4rva (Tallinna Inturb\u00fcroo)<br><strong>Vice president<\/strong>: Enn Noork\u00f5iv (Raeturist)<br><strong>Members<\/strong>: Arvi Karotam (Sputnik), Hannes Saarsoo (Estonian Travel), J\u00fcri Toomel (Tallinna Inturist), Tarmo-Jaan T\u00f5eleid (Eesti Turist), Toomas Niinem\u00e4e (Estravel)<\/p>\n\n\n\n<div style=\"height:20px\" aria-hidden=\"true\" class=\"wp-block-spacer\"><\/div>\n\n\n\n<h4 class=\"wp-block-heading\">1991-1992<\/h4>\n\n\n\n<p><strong>Presiden<\/strong>t: Daisy J\u00e4rva (Tallinna Inturb\u00fcroo)<br><strong><strong>Vice president<\/strong><\/strong>: Toomas Niinem\u00e4e (Estravel)<br><strong><strong><strong>Members<\/strong><\/strong><\/strong>: Hannes Saarsoo (Estonian Travel), J\u00fcri Rebane (Mainor Meelis), J\u00fcri Toomel (Inturist), Rein Vahtra (Dag\u00f6), Tarmo-Jaan T\u00f5eleid (Eesti Turist)<\/p>\n\n\n\n<div style=\"height:20px\" aria-hidden=\"true\" class=\"wp-block-spacer\"><\/div>\n\n\n\n<h4 class=\"wp-block-heading\">1992-1994<\/h4>\n\n\n\n<p><strong>President<\/strong>: Daisy J\u00e4rva (Tallinna Inturb\u00fcroo \/ Tallinntuur)<br><strong><strong>Vice president<\/strong>s<\/strong>: Erki Urva (Estonian Holidays), Toomas Niinem\u00e4e (Estravel)<br><strong><strong><strong>Members<\/strong><\/strong><\/strong>: Hannes Saarsoo (Westra), J\u00fcri J\u00e4rviste (Pro Studiorum), J\u00fcri Rebane (Mainor Meelis), Maret Reinmets (Tallinna Reisib\u00fcroo)<\/p>\n\n\n\n<div style=\"height:20px\" aria-hidden=\"true\" class=\"wp-block-spacer\"><\/div>\n\n\n\n<h4 class=\"wp-block-heading\"><strong>1994-1996<\/strong><\/h4>\n\n\n\n<p><strong>President<\/strong>: Erki Urva (Estonian Holidays)<br><strong><strong>Vice president<\/strong>s<\/strong>: Daisy J\u00e4rva (Tallinntuur), Toomas Niinem\u00e4e (Estravel)<br><strong><strong>Members<\/strong><\/strong>: Jaanus Ilp (Real Reisid), J\u00fcri Rebane (Mainor Meelis), Mait Metsamaa (Baltic Tours), Viivika Orula (Reiser)<\/p>\n\n\n\n<div style=\"height:20px\" aria-hidden=\"true\" class=\"wp-block-spacer\"><\/div>\n\n\n\n<h4 class=\"wp-block-heading\"><strong>1996-1998<\/strong><\/h4>\n\n\n\n<p><strong>President<\/strong>: Erki Urva (Estonian Holidays\/Wris)<br><strong><strong>Vice president<\/strong>s<\/strong>: Daisy J\u00e4rva (Tallinntuur), Ivo Koost (Wris),<br><strong><strong>Members<\/strong><\/strong>: Aivo Takis (Estravel), Arvi Karotam (Hermann Reisid), Mait Metsamaa (Baltic Tours), Veiko L\u00f5hmus (CDS Tours), Viivika Orula (Reiser)<\/p>\n\n\n\n<div style=\"height:20px\" aria-hidden=\"true\" class=\"wp-block-spacer\"><\/div>\n\n\n\n<h4 class=\"wp-block-heading\"><strong>1998-2000<\/strong><\/h4>\n\n\n\n<p><strong>President<\/strong>: Daisy J\u00e4rva (Tallinntuur)<br><strong><strong>Vice president<\/strong>s<\/strong>: Enn Noork\u00f5iv (Raeturist), Sven L\u00f5okene (Reisiekspert), Viljar Jaamu (Hansatee Group)<br><strong><strong>Members<\/strong><\/strong>: Andres Huul (Estonian Holidays), J\u00fcri Rebane (Mainor Meelis), Lembit Tomikas (Atlas Travel Agency), Tiit Randmaa (Tiit Reisid), Viivika Orula (Reiser) (kuni 1999)<\/p>\n\n\n\n<div style=\"height:20px\" aria-hidden=\"true\" class=\"wp-block-spacer\"><\/div>\n\n\n\n<h4 class=\"wp-block-heading\"><strong>2000-2002<\/strong><\/h4>\n\n\n\n<p><strong>President<\/strong>: Daisy J\u00e4rva (Tallinntuur)<br><strong><strong>Vice president<\/strong>s<\/strong>: Aivo Takis (Estravel), J\u00fcri Rebane (Mainor Meelis), Sven L\u00f5okene (Reisiekspert), Viljar Jaamu (Hansatee Group)<\/p>\n\n\n\n<div style=\"height:20px\" aria-hidden=\"true\" class=\"wp-block-spacer\"><\/div>\n\n\n\n<h4 class=\"wp-block-heading\"><strong>2002-2004<\/strong><\/h4>\n\n\n\n<p><strong>President<\/strong>: Anne Samlik (Estravel)<br><strong><strong>Vice president<\/strong><\/strong>: Daisy J\u00e4rva (Tallinntuur)<br><strong><strong>Members<\/strong><\/strong>: Sven L\u00f5okene (Reisiekspert), Andres Huul (Estonian Holidays) (kuni august 2002), J\u00fcri Rebane (Mainor Meelis) (kuni oktoober 2002), Margit Rebane-Pent (Wris Tours) (oktoober 2002 &#8211; veebruar 2003), Tiit Randmaa (Tiit Reisid) (alates oktoober 2002), Indrek Teppo (Baltic Tours) (alates mai 2003)<\/p>\n\n\n\n<div style=\"height:20px\" aria-hidden=\"true\" class=\"wp-block-spacer\"><\/div>\n\n\n\n<h4 class=\"wp-block-heading\"><strong>2004-2006<\/strong><\/h4>\n\n\n\n<p><strong>President<\/strong>: Anne Samlik (Estravel)<br><strong><strong>Vice president<\/strong>s<\/strong>: Daisy J\u00e4rva (Tallinntuur), Kalev J\u00e4rvelill (Tallink Grupp), Sven L\u00f5okene (Reisiekspert), Tiit Randmaa (Tiit Reisid)<\/p>\n\n\n\n<div style=\"height:20px\" aria-hidden=\"true\" class=\"wp-block-spacer\"><\/div>\n\n\n\n<h4 class=\"wp-block-heading\"><strong>2006-2008<\/strong><\/h4>\n\n\n\n<p><strong>President<\/strong>: Sven L\u00f5okene (Reisiekspert)<br><strong><strong>Vice president<\/strong>s<\/strong>: Anne Samlik (Estravel), K\u00fclli Karing (Via Hansa Estonia)<br><strong><strong>Members<\/strong><\/strong>: Aili K\u00e4gu (Wris), Daisy J\u00e4rva (Tallinntuur)<\/p>\n\n\n\n<div style=\"height:20px\" aria-hidden=\"true\" class=\"wp-block-spacer\"><\/div>\n\n\n\n<h4 class=\"wp-block-heading\"><strong>2008-2010<\/strong><\/h4>\n\n\n\n<p><strong>President<\/strong>: Sven L\u00f5okene (Reisiekspert)<br><strong><strong>Vice president<\/strong>s<\/strong>: Anne Samlik (Estravel), K\u00fclli Karing (Via Hansa Estonia),<br><strong><strong>Members<\/strong><\/strong>: Aili K\u00e4gu (Wris), Daisy J\u00e4rva (Tallinntuur)<\/p>\n\n\n\n<div style=\"height:20px\" aria-hidden=\"true\" class=\"wp-block-spacer\"><\/div>\n\n\n\n<h4 class=\"wp-block-heading\"><strong>2010-2012<\/strong><\/h4>\n\n\n\n<p><strong>P<\/strong>r<strong>esident<\/strong>: Sven L\u00f5okene (Reisiekspert)<br><strong><strong>Vice president<\/strong>s<\/strong>: Anne Samlik (Estravel), K\u00fclli Karing (Via Hansa Estonia)<br><strong><strong>Members<\/strong><\/strong>: Aili K\u00e4gu (Wris), Daisy J\u00e4rva (Tallinntuur), Margus Parve (Karol), Peter Roose (Tallink Grupp)<\/p>\n\n\n\n<div style=\"height:20px\" aria-hidden=\"true\" class=\"wp-block-spacer\"><\/div>\n\n\n\n<h4 class=\"wp-block-heading\"><strong>2012-2014<\/strong><\/h4>\n\n\n\n<p><strong>President<\/strong>: Sven L\u00f5okene (Reisiekspert)<br><strong><strong>Vice president<\/strong>s<\/strong>: Anne Samlik (Estravel), K\u00fclli Karing (Via Hansa Estonia)<br><strong><strong>Members<\/strong><\/strong>: Aili K\u00e4gu (Wris), Daisy J\u00e4rva (Tallinntour), Merike Hallik (CWT Estonia), Peter Roose (Tallink Grupp)<\/p>\n\n\n\n<div style=\"height:20px\" aria-hidden=\"true\" class=\"wp-block-spacer\"><\/div>\n\n\n\n<h4 class=\"wp-block-heading\"><strong>2014-2016<\/strong><\/h4>\n\n\n\n<p><strong>President<\/strong>: K\u00fclli Karing (Via Hansa Estonia)<br><strong><strong>Vice president<\/strong>s<\/strong>: Anne Samlik (Estravel), Sven L\u00f5okene (Reisiekspert)<br><strong><strong>Members<\/strong><\/strong>: Aili K\u00e4gu (Wris), Daisy J\u00e4rva (Tallinntour), Merike Hallik (CWT Estonia), Peter Roose (Tallink Grupp)<\/p>\n\n\n\n<div style=\"height:20px\" aria-hidden=\"true\" class=\"wp-block-spacer\"><\/div>\n\n\n\n<h4 class=\"wp-block-heading\"><strong>2016-2018<\/strong><\/h4>\n\n\n\n<p><strong>President<\/strong>: K\u00fclli Karing (Via Hansa Estonia)<br><strong><strong>Vice president<\/strong>s<\/strong>: Anne Samlik (Estravel), Merike Hallik (CWT Estonia),<br><strong><strong>Members<\/strong><\/strong>: Aili K\u00e4gu (Wris), Daisy J\u00e4rva (Tallinntour), Enn Vilgo (Destination Management Estonia), Leho N\u00f5lvak (Air Tours Estonia)<\/p>\n\n\n\n<div style=\"height:20px\" aria-hidden=\"true\" class=\"wp-block-spacer\"><\/div>\n\n\n\n<h4 class=\"wp-block-heading\"><strong>2018-2020<\/strong><\/h4>\n\n\n\n<p><strong>President<\/strong>:&nbsp;Merike Hallik<br><strong><strong>Vice president<\/strong>s<\/strong>: K\u00fclli Karing (Via Hansa Estonia), Anne Samlik (Estravel)<br><strong><strong>Members<\/strong><\/strong>: Aili K\u00e4gu (Wris Reisib\u00fcroo),&nbsp;Enn Vilgo (Destination Management Estonia), Sven L\u00f5okene (Reisiekspert), Margus M\u00e4ndmets (&amp;Moments seiklusreisid)<\/p>\n\n\n\n\n\n\n\n<h4 class=\"wp-block-heading\"><strong>2020-2022<\/strong><\/h4>\n\n\n\n<p><strong>President<\/strong>:&nbsp;Tiit Pruuli<br><strong><strong>Vice president<\/strong>s<\/strong>: K\u00fclli Karing (Via Hansa Estonia), Aivo Takis (Estravel)<br><strong><strong>Members<\/strong><\/strong>: Heldur Allese (Fiesta Reisid),&nbsp;Enn Vilgo (Destination Management Estonia), Sven L\u00f5okene (Reisiekspert), Sigrid Tammes<\/p>\n\n\n\n<h4 class=\"wp-block-heading\"><strong>2022-2024<\/strong><\/h4>\n\n\n\n<p><strong>President<\/strong>:&nbsp;K\u00fclli Karing (Via Hansa Estonia)<br><strong><strong>Vice president<\/strong>s<\/strong>: Tiit Pruuli (Go Travel), Aivo Takis (Estravel)<br><strong><strong>Members<\/strong><\/strong>: Marina J\u00f5gi (Tallink), Marianna B\u00fchler (DMC Eesti), David Ryan Jenkins (DenEesti), Sven L\u00f5okene (Reisiekspert)<br><\/p>\n\n\n\n<h4 class=\"wp-block-heading\"><strong>2024-2026<\/strong><\/h4>\n\n\n\n<p><strong>President<\/strong>:&nbsp;Marina J\u00f5gi (Tallink)<br><strong><strong>Vice president<\/strong>s<\/strong>: K\u00fclli Karing (Via Hansa Estonia), Aivo Takis (Estravel)<br><strong><strong>Members<\/strong><\/strong>: Marianna B\u00fchler (DMC Eesti), David Ryan Jenkins (DenEesti), Sven L\u00f5okene (Reisiekspert), Margus Parve (Karol)<\/p>\n\n\n\n\n\n\n\n<h2 class=\"wp-block-heading\"><strong>Secretary Generals<\/strong>:<\/h2>\n\n\n\n<div class=\"wp-block-group\"><div class=\"wp-block-group__inner-container is-layout-constrained wp-block-group-is-layout-constrained\">\n<p>1990 &#8211; 1993 \u00a0\u00a0 Silvi Bljumovits<br>1993 &#8211; 2001 \u00a0\u00a0 Leelo Ilbis<br>2001 &#8211; 2012\u00a0\u00a0\u00a0 Kersti Kont<br>2012 &#8211;\u00a02015\u00a0\u00a0\u00a0 Kristen Lahtein<br>2016 &#8211; 2021\u00a0\u00a0 Mariann Lugus<br>2021 &#8211; 2024\u00a0\u00a0 Merike Hallik<br>2024 &#8211; &#8230;\u00a0\u00a0\u00a0\u00a0\u00a0\u00a0\u00a0\u00a0\u00a0Asmik Tsaturjan<\/p>\n<\/div><\/div>\n\n\n\n\n\n\n\n\n\n\n\n\n\n\n\n\n","protected":false},"excerpt":{"rendered":"<p>Founding members Boards of Directors over the years 1990-1991 President: Daisy J\u00e4rva (Tallinna Inturb\u00fcroo)Vice president: Enn Noork\u00f5iv (Raeturist)Members: Arvi Karotam [&hellip;]<\/p>\n","protected":false},"author":8,"featured_media":1490,"parent":3314,"menu_order":1,"comment_status":"closed","ping_status":"closed","template":"","meta":{"_acf_changed":false,"content-type":"","_price":"","_stock":"","_tribe_ticket_header":"","_tribe_default_ticket_provider":"","_tribe_ticket_capacity":"0","_ticket_start_date":"","_ticket_end_date":"","_tribe_ticket_show_description":"","_tribe_ticket_show_not_going":false,"_tribe_ticket_use_global_stock":"","_tribe_ticket_global_stock_level":"","_global_stock_mode":"","_global_stock_cap":"","_tribe_rsvp_for_event":"","_tribe_ticket_going_count":"","_tribe_ticket_not_going_count":"","_tribe_tickets_list":"[]","_tribe_ticket_has_attendee_info_fields":false,"footnotes":"","_tec_slr_enabled":"","_tec_slr_layout":""},"class_list":["post-3335","page","type-page","status-publish","has-post-thumbnail","hentry"],"acf":[],"yoast_head":"<!-- This site is optimized with the Yoast SEO plugin v27.3 - https:\/\/yoast.com\/product\/yoast-seo-wordpress\/ -->\n<title>History - Eesti Turismifirmade Liit<\/title>\n<meta name=\"robots\" content=\"index, follow, max-snippet:-1, max-image-preview:large, max-video-preview:-1\" \/>\n<link rel=\"canonical\" href=\"https:\/\/etfl.ee\/en\/etfl\/history\/\" \/>\n<meta property=\"og:locale\" content=\"en_US\" \/>\n<meta property=\"og:type\" content=\"article\" \/>\n<meta property=\"og:title\" content=\"History - Eesti Turismifirmade Liit\" \/>\n<meta property=\"og:description\" content=\"Founding members Boards of Directors over the years 1990-1991 President: Daisy J\u00e4rva (Tallinna Inturb\u00fcroo)Vice president: Enn Noork\u00f5iv (Raeturist)Members: Arvi Karotam [&hellip;]\" \/>\n<meta property=\"og:url\" content=\"https:\/\/etfl.ee\/en\/etfl\/history\/\" \/>\n<meta property=\"og:site_name\" content=\"Eesti Turismifirmade Liit\" \/>\n<meta property=\"article:publisher\" content=\"https:\/\/www.facebook.com\/EestiTurismifirmadeLiit\" \/>\n<meta property=\"article:modified_time\" content=\"2024-11-11T16:45:09+00:00\" \/>\n<meta property=\"og:image\" content=\"https:\/\/etfl.ee\/wp-content\/uploads\/2020\/08\/tornid_ja_linnamuur_kaupo_kalda_2016.jpg\" \/>\n\t<meta property=\"og:image:width\" content=\"1920\" \/>\n\t<meta property=\"og:image:height\" content=\"420\" \/>\n\t<meta property=\"og:image:type\" content=\"image\/jpeg\" \/>\n<meta name=\"twitter:card\" content=\"summary_large_image\" \/>\n<meta name=\"twitter:label1\" content=\"Est. reading time\" \/>\n\t<meta name=\"twitter:data1\" content=\"4 minutes\" \/>\n<script type=\"application\/ld+json\" class=\"yoast-schema-graph\">{\"@context\":\"https:\\\/\\\/schema.org\",\"@graph\":[{\"@type\":\"WebPage\",\"@id\":\"https:\\\/\\\/etfl.ee\\\/en\\\/etfl\\\/history\\\/\",\"url\":\"https:\\\/\\\/etfl.ee\\\/en\\\/etfl\\\/history\\\/\",\"name\":\"History - Eesti Turismifirmade Liit\",\"isPartOf\":{\"@id\":\"https:\\\/\\\/etfl.ee\\\/en\\\/#website\"},\"primaryImageOfPage\":{\"@id\":\"https:\\\/\\\/etfl.ee\\\/en\\\/etfl\\\/history\\\/#primaryimage\"},\"image\":{\"@id\":\"https:\\\/\\\/etfl.ee\\\/en\\\/etfl\\\/history\\\/#primaryimage\"},\"thumbnailUrl\":\"https:\\\/\\\/etfl.ee\\\/wp-content\\\/uploads\\\/2020\\\/08\\\/tornid_ja_linnamuur_kaupo_kalda_2016.jpg\",\"datePublished\":\"2020-06-18T11:16:50+00:00\",\"dateModified\":\"2024-11-11T16:45:09+00:00\",\"breadcrumb\":{\"@id\":\"https:\\\/\\\/etfl.ee\\\/en\\\/etfl\\\/history\\\/#breadcrumb\"},\"inLanguage\":\"en-US\",\"potentialAction\":[{\"@type\":\"ReadAction\",\"target\":[\"https:\\\/\\\/etfl.ee\\\/en\\\/etfl\\\/history\\\/\"]}]},{\"@type\":\"ImageObject\",\"inLanguage\":\"en-US\",\"@id\":\"https:\\\/\\\/etfl.ee\\\/en\\\/etfl\\\/history\\\/#primaryimage\",\"url\":\"https:\\\/\\\/etfl.ee\\\/wp-content\\\/uploads\\\/2020\\\/08\\\/tornid_ja_linnamuur_kaupo_kalda_2016.jpg\",\"contentUrl\":\"https:\\\/\\\/etfl.ee\\\/wp-content\\\/uploads\\\/2020\\\/08\\\/tornid_ja_linnamuur_kaupo_kalda_2016.jpg\",\"width\":1920,\"height\":420,\"caption\":\"Foto: Kaupo Kalda, www.visittallinn.ee\"},{\"@type\":\"BreadcrumbList\",\"@id\":\"https:\\\/\\\/etfl.ee\\\/en\\\/etfl\\\/history\\\/#breadcrumb\",\"itemListElement\":[{\"@type\":\"ListItem\",\"position\":1,\"name\":\"Home\",\"item\":\"https:\\\/\\\/etfl.ee\\\/en\\\/\"},{\"@type\":\"ListItem\",\"position\":2,\"name\":\"Estonian Travel and Tourism Association\",\"item\":\"https:\\\/\\\/etfl.ee\\\/en\\\/etfl\\\/\"},{\"@type\":\"ListItem\",\"position\":3,\"name\":\"History\"}]},{\"@type\":\"WebSite\",\"@id\":\"https:\\\/\\\/etfl.ee\\\/en\\\/#website\",\"url\":\"https:\\\/\\\/etfl.ee\\\/en\\\/\",\"name\":\"Eesti Turismifirmade Liit\",\"description\":\"\",\"publisher\":{\"@id\":\"https:\\\/\\\/etfl.ee\\\/en\\\/#organization\"},\"potentialAction\":[{\"@type\":\"SearchAction\",\"target\":{\"@type\":\"EntryPoint\",\"urlTemplate\":\"https:\\\/\\\/etfl.ee\\\/en\\\/?s={search_term_string}\"},\"query-input\":{\"@type\":\"PropertyValueSpecification\",\"valueRequired\":true,\"valueName\":\"search_term_string\"}}],\"inLanguage\":\"en-US\"},{\"@type\":\"Organization\",\"@id\":\"https:\\\/\\\/etfl.ee\\\/en\\\/#organization\",\"name\":\"Eesti Turismifirmade Liit\",\"url\":\"https:\\\/\\\/etfl.ee\\\/en\\\/\",\"logo\":{\"@type\":\"ImageObject\",\"inLanguage\":\"en-US\",\"@id\":\"https:\\\/\\\/etfl.ee\\\/en\\\/#\\\/schema\\\/logo\\\/image\\\/\",\"url\":\"https:\\\/\\\/etfl.ee\\\/wp-content\\\/uploads\\\/2020\\\/06\\\/ETFL_logo_est.png\",\"contentUrl\":\"https:\\\/\\\/etfl.ee\\\/wp-content\\\/uploads\\\/2020\\\/06\\\/ETFL_logo_est.png\",\"width\":200,\"height\":137,\"caption\":\"Eesti Turismifirmade Liit\"},\"image\":{\"@id\":\"https:\\\/\\\/etfl.ee\\\/en\\\/#\\\/schema\\\/logo\\\/image\\\/\"},\"sameAs\":[\"https:\\\/\\\/www.facebook.com\\\/EestiTurismifirmadeLiit\"]}]}<\/script>\n<!-- \/ Yoast SEO plugin. -->","yoast_head_json":{"title":"History - Eesti Turismifirmade Liit","robots":{"index":"index","follow":"follow","max-snippet":"max-snippet:-1","max-image-preview":"max-image-preview:large","max-video-preview":"max-video-preview:-1"},"canonical":"https:\/\/etfl.ee\/en\/etfl\/history\/","og_locale":"en_US","og_type":"article","og_title":"History - Eesti Turismifirmade Liit","og_description":"Founding members Boards of Directors over the years 1990-1991 President: Daisy J\u00e4rva (Tallinna Inturb\u00fcroo)Vice president: Enn Noork\u00f5iv (Raeturist)Members: Arvi Karotam [&hellip;]","og_url":"https:\/\/etfl.ee\/en\/etfl\/history\/","og_site_name":"Eesti Turismifirmade Liit","article_publisher":"https:\/\/www.facebook.com\/EestiTurismifirmadeLiit","article_modified_time":"2024-11-11T16:45:09+00:00","og_image":[{"width":1920,"height":420,"url":"https:\/\/etfl.ee\/wp-content\/uploads\/2020\/08\/tornid_ja_linnamuur_kaupo_kalda_2016.jpg","type":"image\/jpeg"}],"twitter_card":"summary_large_image","twitter_misc":{"Est. reading time":"4 minutes"},"schema":{"@context":"https:\/\/schema.org","@graph":[{"@type":"WebPage","@id":"https:\/\/etfl.ee\/en\/etfl\/history\/","url":"https:\/\/etfl.ee\/en\/etfl\/history\/","name":"History - Eesti Turismifirmade Liit","isPartOf":{"@id":"https:\/\/etfl.ee\/en\/#website"},"primaryImageOfPage":{"@id":"https:\/\/etfl.ee\/en\/etfl\/history\/#primaryimage"},"image":{"@id":"https:\/\/etfl.ee\/en\/etfl\/history\/#primaryimage"},"thumbnailUrl":"https:\/\/etfl.ee\/wp-content\/uploads\/2020\/08\/tornid_ja_linnamuur_kaupo_kalda_2016.jpg","datePublished":"2020-06-18T11:16:50+00:00","dateModified":"2024-11-11T16:45:09+00:00","breadcrumb":{"@id":"https:\/\/etfl.ee\/en\/etfl\/history\/#breadcrumb"},"inLanguage":"en-US","potentialAction":[{"@type":"ReadAction","target":["https:\/\/etfl.ee\/en\/etfl\/history\/"]}]},{"@type":"ImageObject","inLanguage":"en-US","@id":"https:\/\/etfl.ee\/en\/etfl\/history\/#primaryimage","url":"https:\/\/etfl.ee\/wp-content\/uploads\/2020\/08\/tornid_ja_linnamuur_kaupo_kalda_2016.jpg","contentUrl":"https:\/\/etfl.ee\/wp-content\/uploads\/2020\/08\/tornid_ja_linnamuur_kaupo_kalda_2016.jpg","width":1920,"height":420,"caption":"Foto: Kaupo Kalda, www.visittallinn.ee"},{"@type":"BreadcrumbList","@id":"https:\/\/etfl.ee\/en\/etfl\/history\/#breadcrumb","itemListElement":[{"@type":"ListItem","position":1,"name":"Home","item":"https:\/\/etfl.ee\/en\/"},{"@type":"ListItem","position":2,"name":"Estonian Travel and Tourism Association","item":"https:\/\/etfl.ee\/en\/etfl\/"},{"@type":"ListItem","position":3,"name":"History"}]},{"@type":"WebSite","@id":"https:\/\/etfl.ee\/en\/#website","url":"https:\/\/etfl.ee\/en\/","name":"Eesti Turismifirmade Liit","description":"","publisher":{"@id":"https:\/\/etfl.ee\/en\/#organization"},"potentialAction":[{"@type":"SearchAction","target":{"@type":"EntryPoint","urlTemplate":"https:\/\/etfl.ee\/en\/?s={search_term_string}"},"query-input":{"@type":"PropertyValueSpecification","valueRequired":true,"valueName":"search_term_string"}}],"inLanguage":"en-US"},{"@type":"Organization","@id":"https:\/\/etfl.ee\/en\/#organization","name":"Eesti Turismifirmade Liit","url":"https:\/\/etfl.ee\/en\/","logo":{"@type":"ImageObject","inLanguage":"en-US","@id":"https:\/\/etfl.ee\/en\/#\/schema\/logo\/image\/","url":"https:\/\/etfl.ee\/wp-content\/uploads\/2020\/06\/ETFL_logo_est.png","contentUrl":"https:\/\/etfl.ee\/wp-content\/uploads\/2020\/06\/ETFL_logo_est.png","width":200,"height":137,"caption":"Eesti Turismifirmade Liit"},"image":{"@id":"https:\/\/etfl.ee\/en\/#\/schema\/logo\/image\/"},"sameAs":["https:\/\/www.facebook.com\/EestiTurismifirmadeLiit"]}]}},"ticketed":false,"_links":{"self":[{"href":"https:\/\/etfl.ee\/en\/wp-json\/wp\/v2\/pages\/3335","targetHints":{"allow":["GET"]}}],"collection":[{"href":"https:\/\/etfl.ee\/en\/wp-json\/wp\/v2\/pages"}],"about":[{"href":"https:\/\/etfl.ee\/en\/wp-json\/wp\/v2\/types\/page"}],"author":[{"embeddable":true,"href":"https:\/\/etfl.ee\/en\/wp-json\/wp\/v2\/users\/8"}],"replies":[{"embeddable":true,"href":"https:\/\/etfl.ee\/en\/wp-json\/wp\/v2\/comments?post=3335"}],"version-history":[{"count":27,"href":"https:\/\/etfl.ee\/en\/wp-json\/wp\/v2\/pages\/3335\/revisions"}],"predecessor-version":[{"id":6742,"href":"https:\/\/etfl.ee\/en\/wp-json\/wp\/v2\/pages\/3335\/revisions\/6742"}],"up":[{"embeddable":true,"href":"https:\/\/etfl.ee\/en\/wp-json\/wp\/v2\/pages\/3314"}],"wp:featuredmedia":[{"embeddable":true,"href":"https:\/\/etfl.ee\/en\/wp-json\/wp\/v2\/media\/1490"}],"wp:attachment":[{"href":"https:\/\/etfl.ee\/en\/wp-json\/wp\/v2\/media?parent=3335"}],"curies":[{"name":"wp","href":"https:\/\/api.w.org\/{rel}","templated":true}]}}